{"id":21,"date":"2014-11-13T10:04:22","date_gmt":"2014-11-13T09:04:22","guid":{"rendered":"http:\/\/www.electro-choc.com\/wordpress\/?page_id=21"},"modified":"2014-11-13T10:04:22","modified_gmt":"2014-11-13T09:04:22","slug":"electricite-generale","status":"publish","type":"page","link":"http:\/\/electro-choc.com\/?page_id=21","title":{"rendered":"Electricit\u00e9 g\u00e9n\u00e9rale"},"content":{"rendered":"<p>Pour l&#8217;ex\u00e9cution des travaux suivant :<a href=\"http:\/\/www.electro-choc.com\/wordpress\/wp-content\/uploads\/Tableau-triptyque-min.png\"><img loading=\"lazy\" decoding=\"async\" class=\"  wp-image-71 alignright\" src=\"http:\/\/www.electro-choc.com\/wordpress\/wp-content\/uploads\/Tableau-triptyque-min-300x178.png\" alt=\"Tableau-triptyque-min\" width=\"371\" height=\"220\" \/><\/a><\/p>\n<ul>\n<li>R\u00e9novation d&#8217;installation existante<\/li>\n<li>Remise en conformit\u00e9 de votre installation<\/li>\n<li>Installation pour nouvelle construction traditionnelle ou \u00e9coconstruction<\/li>\n<li>Am\u00e9lioration, r\u00e9paration, transformation ou encore r\u00e9habilitation<\/li>\n<li>Installation de chauffage \u00e0 accumulation<\/li>\n<\/ul>\n<p><a href=\"http:\/\/www.electro-choc.com\/wordpress\/wp-content\/uploads\/Light-triptyque-min.png\"><img loading=\"lazy\" decoding=\"async\" class=\" size-medium wp-image-78 aligncenter\" src=\"http:\/\/www.electro-choc.com\/wordpress\/wp-content\/uploads\/Light-triptyque-min-300x229.png\" alt=\"Light-triptyque-min\" width=\"300\" height=\"229\" \/><\/a><\/p>\n<p>&nbsp;<\/p>\n","protected":false},"excerpt":{"rendered":"<p>Pour l&#8217;ex\u00e9cution des travaux suivant : R\u00e9novation d&#8217;installation existante Remise en conformit\u00e9 de votre installation Installation pour nouvelle construction traditionnelle ou \u00e9coconstruction Am\u00e9lioration, r\u00e9paration, transformation ou encore r\u00e9habilitation Installation de chauffage \u00e0 accumulation &nbsp;<\/p>\n","protected":false},"author":1,"featured_media":0,"parent":0,"menu_order":1,"comment_status":"closed","ping_status":"closed","template":"","meta":{"footnotes":""},"class_list":["post-21","page","type-page","status-publish","hentry"],"_links":{"self":[{"href":"http:\/\/electro-choc.com\/index.php?rest_route=\/wp\/v2\/pages\/21","targetHints":{"allow":["GET"]}}],"collection":[{"href":"http:\/\/electro-choc.com\/index.php?rest_route=\/wp\/v2\/pages"}],"about":[{"href":"http:\/\/electro-choc.com\/index.php?rest_route=\/wp\/v2\/types\/page"}],"author":[{"embeddable":true,"href":"http:\/\/electro-choc.com\/index.php?rest_route=\/wp\/v2\/users\/1"}],"replies":[{"embeddable":true,"href":"http:\/\/electro-choc.com\/index.php?rest_route=%2Fwp%2Fv2%2Fcomments&post=21"}],"version-history":[{"count":0,"href":"http:\/\/electro-choc.com\/index.php?rest_route=\/wp\/v2\/pages\/21\/revisions"}],"wp:attachment":[{"href":"http:\/\/electro-choc.com\/index.php?rest_route=%2Fwp%2Fv2%2Fmedia&parent=21"}],"curies":[{"name":"wp","href":"https:\/\/api.w.org\/{rel}","templated":true}]}}