{"id":25,"date":"2014-11-13T10:05:39","date_gmt":"2014-11-13T09:05:39","guid":{"rendered":"http:\/\/www.electro-choc.com\/wordpress\/?page_id=25"},"modified":"2014-11-13T10:05:39","modified_gmt":"2014-11-13T09:05:39","slug":"domotiquereseau","status":"publish","type":"page","link":"http:\/\/electro-choc.com\/?page_id=25","title":{"rendered":"Domotique\/R\u00e9seau"},"content":{"rendered":"<p><a href=\"http:\/\/www.electro-choc.com\/wordpress\/wp-content\/uploads\/Domotique-Quadri-min.png\"><img loading=\"lazy\" decoding=\"async\" class=\" size-medium wp-image-74 alignright\" src=\"http:\/\/www.electro-choc.com\/wordpress\/wp-content\/uploads\/Domotique-Quadri-min-300x225.png\" alt=\"Domotique-Quadri-min\" width=\"300\" height=\"225\" \/><\/a>Que ce soit pour des particuliers ou des entreprises, les besoins en infrastructure r\u00e9seau ou en syst\u00e8me domotique vont s&#8217;accroissant ces derni\u00e8res ann\u00e9es. Pour tous travaux :<\/p>\n<ul>\n<li>d&#8217;installation\u00a0de syst\u00e8mes domotiques dans des b\u00e2timents existants<\/li>\n<li>d&#8217;installation\u00a0de syst\u00e8mes domotiques dans des b\u00e2timents en construction<\/li>\n<li>de r\u00e9novation\/ d&#8217;installation de r\u00e9seau informatique c\u00e2bl\u00e9<\/li>\n<li>d&#8217;extension de r\u00e9seau sans fil<\/li>\n<\/ul>\n<p><a href=\"http:\/\/www.electro-choc.com\/wordpress\/wp-content\/uploads\/Wifi-triptyque-min.png\"><img loading=\"lazy\" decoding=\"async\" class=\" size-medium wp-image-76 aligncenter\" src=\"http:\/\/www.electro-choc.com\/wordpress\/wp-content\/uploads\/Wifi-triptyque-min-300x178.png\" alt=\"Wifi-triptyque-min\" width=\"300\" height=\"178\" \/><\/a><\/p>\n","protected":false},"excerpt":{"rendered":"<p>Que ce soit pour des particuliers ou des entreprises, les besoins en infrastructure r\u00e9seau ou en syst\u00e8me domotique vont s&#8217;accroissant ces derni\u00e8res ann\u00e9es. Pour tous travaux : d&#8217;installation\u00a0de syst\u00e8mes domotiques dans des b\u00e2timents existants d&#8217;installation\u00a0de syst\u00e8mes domotiques dans des b\u00e2timents en construction de r\u00e9novation\/ d&#8217;installation de r\u00e9seau informatique c\u00e2bl\u00e9 d&#8217;extension&#8230; <a class=\"continue-reading-link\" href=\"http:\/\/electro-choc.com\/?page_id=25\"> Continue reading <span class=\"meta-nav\">&rarr; <\/span><\/a><\/p>\n","protected":false},"author":1,"featured_media":0,"parent":0,"menu_order":3,"comment_status":"closed","ping_status":"closed","template":"","meta":{"footnotes":""},"class_list":["post-25","page","type-page","status-publish","hentry"],"_links":{"self":[{"href":"http:\/\/electro-choc.com\/index.php?rest_route=\/wp\/v2\/pages\/25","targetHints":{"allow":["GET"]}}],"collection":[{"href":"http:\/\/electro-choc.com\/index.php?rest_route=\/wp\/v2\/pages"}],"about":[{"href":"http:\/\/electro-choc.com\/index.php?rest_route=\/wp\/v2\/types\/page"}],"author":[{"embeddable":true,"href":"http:\/\/electro-choc.com\/index.php?rest_route=\/wp\/v2\/users\/1"}],"replies":[{"embeddable":true,"href":"http:\/\/electro-choc.com\/index.php?rest_route=%2Fwp%2Fv2%2Fcomments&post=25"}],"version-history":[{"count":0,"href":"http:\/\/electro-choc.com\/index.php?rest_route=\/wp\/v2\/pages\/25\/revisions"}],"wp:attachment":[{"href":"http:\/\/electro-choc.com\/index.php?rest_route=%2Fwp%2Fv2%2Fmedia&parent=25"}],"curies":[{"name":"wp","href":"https:\/\/api.w.org\/{rel}","templated":true}]}}